{"id":802,"date":"2020-02-05T22:19:45","date_gmt":"2020-02-05T21:19:45","guid":{"rendered":"http:\/\/lovadeparis.fr\/index.php\/about\/"},"modified":"2023-01-31T17:17:09","modified_gmt":"2023-01-31T16:17:09","slug":"la-marque","status":"publish","type":"page","link":"https:\/\/lovadeparis.fr\/index.php\/la-marque\/","title":{"rendered":"LA MARQUE"},"content":{"rendered":"\t\t<div data-elementor-type=\"wp-page\" data-elementor-id=\"802\" class=\"elementor elementor-802\" data-elementor-post-type=\"page\">\n\t\t\t\t\t\t<section class=\"elementor-section elementor-top-section elementor-element elementor-element-fb0497d elementor-section-height-min-height elementor-section-boxed elementor-section-height-default elementor-section-items-middle\" data-id=\"fb0497d\" data-element_type=\"section\" data-settings=\"{&quot;background_background&quot;:&quot;classic&quot;}\">\n\t\t\t\t\t\t\t<div class=\"elementor-background-overlay\"><\/div>\n\t\t\t\t\t\t\t<div class=\"elementor-container elementor-column-gap-no\">\n\t\t\t\t\t<div class=\"elementor-column elementor-col-100 elementor-top-column elementor-element elementor-element-325f11c\" data-id=\"325f11c\" data-element_type=\"column\">\n\t\t\t<div class=\"elementor-widget-wrap elementor-element-populated\">\n\t\t\t\t\t\t<div class=\"elementor-element elementor-element-25b39bd elementor-widget elementor-widget-heading\" data-id=\"25b39bd\" data-element_type=\"widget\" data-widget_type=\"heading.default\">\n\t\t\t\t<div class=\"elementor-widget-container\">\n\t\t\t\t\t<h2 class=\"elementor-heading-title elementor-size-default\">LA MARQUE<\/h2>\t\t\t\t<\/div>\n\t\t\t\t<\/div>\n\t\t\t\t\t<\/div>\n\t\t<\/div>\n\t\t\t\t\t<\/div>\n\t\t<\/section>\n\t\t\t\t<section class=\"elementor-section elementor-top-section elementor-element elementor-element-a6e9446 elementor-section-boxed elementor-section-height-default elementor-section-height-default\" data-id=\"a6e9446\" data-element_type=\"section\">\n\t\t\t\t\t\t<div class=\"elementor-container elementor-column-gap-default\">\n\t\t\t\t\t<div class=\"elementor-column elementor-col-100 elementor-top-column elementor-element elementor-element-3d98a51\" data-id=\"3d98a51\" data-element_type=\"column\">\n\t\t\t<div class=\"elementor-widget-wrap elementor-element-populated\">\n\t\t\t\t\t\t<div class=\"elementor-element elementor-element-8bc3203 elementor-widget elementor-widget-spacer\" data-id=\"8bc3203\" data-element_type=\"widget\" data-widget_type=\"spacer.default\">\n\t\t\t\t<div class=\"elementor-widget-container\">\n\t\t\t\t\t\t\t<div class=\"elementor-spacer\">\n\t\t\t<div class=\"elementor-spacer-inner\"><\/div>\n\t\t<\/div>\n\t\t\t\t\t\t<\/div>\n\t\t\t\t<\/div>\n\t\t\t\t<div class=\"elementor-element elementor-element-24b4e03 elementor-widget elementor-widget-heading\" data-id=\"24b4e03\" data-element_type=\"widget\" data-widget_type=\"heading.default\">\n\t\t\t\t<div class=\"elementor-widget-container\">\n\t\t\t\t\t<h1 class=\"elementor-heading-title elementor-size-default\">LOVADE<\/h1>\t\t\t\t<\/div>\n\t\t\t\t<\/div>\n\t\t\t\t<div class=\"elementor-element elementor-element-7012d3d elementor-widget elementor-widget-spacer\" data-id=\"7012d3d\" data-element_type=\"widget\" data-widget_type=\"spacer.default\">\n\t\t\t\t<div class=\"elementor-widget-container\">\n\t\t\t\t\t\t\t<div class=\"elementor-spacer\">\n\t\t\t<div class=\"elementor-spacer-inner\"><\/div>\n\t\t<\/div>\n\t\t\t\t\t\t<\/div>\n\t\t\t\t<\/div>\n\t\t\t\t\t<\/div>\n\t\t<\/div>\n\t\t\t\t\t<\/div>\n\t\t<\/section>\n\t\t\t\t<section class=\"elementor-section elementor-top-section elementor-element elementor-element-8e593d8 elementor-section-boxed elementor-section-height-default elementor-section-height-default\" data-id=\"8e593d8\" data-element_type=\"section\">\n\t\t\t\t\t\t<div class=\"elementor-container elementor-column-gap-default\">\n\t\t\t\t\t<div class=\"elementor-column elementor-col-50 elementor-top-column elementor-element elementor-element-7a49416\" data-id=\"7a49416\" data-element_type=\"column\">\n\t\t\t<div class=\"elementor-widget-wrap elementor-element-populated\">\n\t\t\t\t\t\t<div class=\"elementor-element elementor-element-48ae69c elementor-widget elementor-widget-heading\" data-id=\"48ae69c\" data-element_type=\"widget\" data-widget_type=\"heading.default\">\n\t\t\t\t<div class=\"elementor-widget-container\">\n\t\t\t\t\t<h2 class=\"elementor-heading-title elementor-size-default\">pouvoir gouter a l'excellence du made in france<\/h2>\t\t\t\t<\/div>\n\t\t\t\t<\/div>\n\t\t\t\t<div class=\"elementor-element elementor-element-68789bd elementor-widget elementor-widget-image-box\" data-id=\"68789bd\" data-element_type=\"widget\" data-widget_type=\"image-box.default\">\n\t\t\t\t<div class=\"elementor-widget-container\">\n\t\t\t\t\t<div class=\"elementor-image-box-wrapper\"><div class=\"elementor-image-box-content\"><p class=\"elementor-image-box-description\">Nous avons d\u00e9velopp\u00e9 la marque LOVADE, de fabrication fran\u00e7aise. Ses produits sont le fruit de l'exp\u00e9rience acquise au long de dizaines d'ann\u00e9es d'exp\u00e9rience, par nos \u00e9quipes beaut\u00e9.<br> Main dans la main avec plusieurs prestigieux laboratoires fran\u00e7ais dans le domaine de la cosm\u00e9tique, dont SICAF ANJAC, COSMETICS NORD des laboratoires de r\u00e9f\u00e9rence, qui travaillent avec les plus grandes marque fran\u00e7aises et europ\u00e9enne dont l'Or\u00e9al, Rimmel, Lanc\u00f4me etc.<br>Nous contribuons ensemble au rayonnement d'une beaut\u00e9 innovante dans le domaine du maquillage et de la cosm\u00e9tique. de la conception a la formulation des produits ainsi que leurs conditionnement.<br><\/p><\/div><\/div>\t\t\t\t<\/div>\n\t\t\t\t<\/div>\n\t\t\t\t<div class=\"elementor-element elementor-element-e34994b elementor-widget elementor-widget-heading\" data-id=\"e34994b\" data-element_type=\"widget\" data-widget_type=\"heading.default\">\n\t\t\t\t<div class=\"elementor-widget-container\">\n\t\t\t\t\t<h2 class=\"elementor-heading-title elementor-size-default\"> \u4f53\u9a8c\u6cd5\u56fd\u5236\u9020\u7684\u9ad8\u54c1\u8d28\n<\/h2>\t\t\t\t<\/div>\n\t\t\t\t<\/div>\n\t\t\t\t<div class=\"elementor-element elementor-element-0a00ab8 elementor-widget elementor-widget-text-editor\" data-id=\"0a00ab8\" data-element_type=\"widget\" data-widget_type=\"text-editor.default\">\n\t\t\t\t<div class=\"elementor-widget-container\">\n\t\t\t\t\t\t\t\t\t<p>\u901a\u8fc7\u5728\u6cd5\u56fd\u6570\u5341\u5e74\u7ecf\u9a8c\u548c\u65e0\u6570\u8bd5\u9a8c\u540e\u6211\u4eec\u7f8e\u5bb9\u56e2\u961f\u624d\u5f00\u53d1\u4e86\u6d1b\u8bd7\u9edb\u54c1\u724c\u3002<\/p><p>\u6d1b\u8bd7\u9edb\u66fe\u4e0e\u591a\u5bb6\u6cd5\u56fd\u8457\u540d\u5316\u5986\u54c1\u5b9e\u9a8c\u5ba4\u3001\u5305\u62ec SICAF ANJAC\u3001COSMETICS NORD\u3001\u6cd5\u56fd\u9ad8\u7ea7\u53c2\u8003\u5b9e\u9a8c\u5ba4\u3001\u6b27\u83b1\u96c5\u3001Rimmel\u3001\u5170\u853b\u7b49\u6cd5\u56fd\u4ee5\u53ca\u6b27\u6d32\u5927\u54c1\u724c\u5408\u4f5c\u8fc7\u3002<\/p><p>\u6d1b\u8bd7\u9edb\u54c1\u724c\u7ec6\u5fc3\u638c\u63a7\u7740\u4ece\u4ea7\u54c1\u7684\u8bbe\u8ba1\u5230\u9ad8\u7ea7\u914d\u65b9\u548c\u6700\u540e\u7684\u5305\u88c5\u3002\u56e0\u6b64\u6211\u4eec\u5171\u540c\u521b<br \/>\u9020\u65b0\u7684\u7f8e\u5bb9\u3001\u4ece\u5f69\u5986\u5230\u5316\u5986\u54c1\u9886\u57df\u4e00\u540c\u505a\u51fa\u8d21\u732e\u3002<\/p>\t\t\t\t\t\t\t\t<\/div>\n\t\t\t\t<\/div>\n\t\t\t\t\t<\/div>\n\t\t<\/div>\n\t\t\t\t<div class=\"elementor-column elementor-col-50 elementor-top-column elementor-element elementor-element-bbace8a\" data-id=\"bbace8a\" data-element_type=\"column\">\n\t\t\t<div class=\"elementor-widget-wrap elementor-element-populated\">\n\t\t\t\t\t\t<div class=\"elementor-element elementor-element-69fca27 elementor-widget elementor-widget-image\" data-id=\"69fca27\" data-element_type=\"widget\" data-widget_type=\"image.default\">\n\t\t\t\t<div class=\"elementor-widget-container\">\n\t\t\t\t\t\t\t\t\t\t\t\t\t\t\t<img fetchpriority=\"high\" decoding=\"async\" width=\"683\" height=\"1024\" src=\"https:\/\/lovadeparis.fr\/wp-content\/uploads\/2023\/01\/shutterstock_2174910937-683x1024.jpg\" class=\"attachment-large size-large wp-image-1962\" alt=\"\" srcset=\"https:\/\/lovadeparis.fr\/wp-content\/uploads\/2023\/01\/shutterstock_2174910937-683x1024.jpg 683w, https:\/\/lovadeparis.fr\/wp-content\/uploads\/2023\/01\/shutterstock_2174910937-200x300.jpg 200w, https:\/\/lovadeparis.fr\/wp-content\/uploads\/2023\/01\/shutterstock_2174910937-768x1152.jpg 768w, https:\/\/lovadeparis.fr\/wp-content\/uploads\/2023\/01\/shutterstock_2174910937-1024x1536.jpg 1024w, https:\/\/lovadeparis.fr\/wp-content\/uploads\/2023\/01\/shutterstock_2174910937-1365x2048.jpg 1365w, https:\/\/lovadeparis.fr\/wp-content\/uploads\/2023\/01\/shutterstock_2174910937-600x900.jpg 600w, https:\/\/lovadeparis.fr\/wp-content\/uploads\/2023\/01\/shutterstock_2174910937-scaled.jpg 1707w\" sizes=\"(max-width: 683px) 100vw, 683px\" \/>\t\t\t\t\t\t\t\t\t\t\t\t\t\t\t<\/div>\n\t\t\t\t<\/div>\n\t\t\t\t\t<\/div>\n\t\t<\/div>\n\t\t\t\t\t<\/div>\n\t\t<\/section>\n\t\t\t\t<section class=\"elementor-section elementor-top-section elementor-element elementor-element-7d2a0cd elementor-section-boxed elementor-section-height-default elementor-section-height-default\" data-id=\"7d2a0cd\" data-element_type=\"section\">\n\t\t\t\t\t\t<div class=\"elementor-container elementor-column-gap-default\">\n\t\t\t\t\t<div class=\"elementor-column elementor-col-100 elementor-top-column elementor-element elementor-element-546f085\" data-id=\"546f085\" data-element_type=\"column\">\n\t\t\t<div class=\"elementor-widget-wrap elementor-element-populated\">\n\t\t\t\t\t\t<div class=\"elementor-element elementor-element-ec22dea elementor-widget-divider--view-line elementor-widget elementor-widget-divider\" data-id=\"ec22dea\" data-element_type=\"widget\" data-widget_type=\"divider.default\">\n\t\t\t\t<div class=\"elementor-widget-container\">\n\t\t\t\t\t\t\t<div class=\"elementor-divider\">\n\t\t\t<span class=\"elementor-divider-separator\">\n\t\t\t\t\t\t<\/span>\n\t\t<\/div>\n\t\t\t\t\t\t<\/div>\n\t\t\t\t<\/div>\n\t\t\t\t\t<\/div>\n\t\t<\/div>\n\t\t\t\t\t<\/div>\n\t\t<\/section>\n\t\t\t\t<section class=\"elementor-section elementor-top-section elementor-element elementor-element-6c19f85 elementor-section-boxed elementor-section-height-default elementor-section-height-default\" data-id=\"6c19f85\" data-element_type=\"section\">\n\t\t\t\t\t\t<div class=\"elementor-container elementor-column-gap-default\">\n\t\t\t\t\t<div class=\"elementor-column elementor-col-50 elementor-top-column elementor-element elementor-element-bd4cb5d\" data-id=\"bd4cb5d\" data-element_type=\"column\">\n\t\t\t<div class=\"elementor-widget-wrap elementor-element-populated\">\n\t\t\t\t\t\t<div class=\"elementor-element elementor-element-56c819c elementor-widget elementor-widget-image\" data-id=\"56c819c\" data-element_type=\"widget\" data-widget_type=\"image.default\">\n\t\t\t\t<div class=\"elementor-widget-container\">\n\t\t\t\t\t\t\t\t\t\t\t\t\t\t\t<img decoding=\"async\" src=\"https:\/\/lovadeparis.fr\/wp-content\/uploads\/elementor\/thumbs\/shutterstock_1225425331-q1uonxnk1ubyfr4qv2554c1w8tt3l61xcm145wzwi4.jpg\" title=\"shutterstock_1225425331\" alt=\"shutterstock_1225425331\" loading=\"lazy\" \/>\t\t\t\t\t\t\t\t\t\t\t\t\t\t\t<\/div>\n\t\t\t\t<\/div>\n\t\t\t\t\t<\/div>\n\t\t<\/div>\n\t\t\t\t<div class=\"elementor-column elementor-col-50 elementor-top-column elementor-element elementor-element-fe3ff84\" data-id=\"fe3ff84\" data-element_type=\"column\">\n\t\t\t<div class=\"elementor-widget-wrap elementor-element-populated\">\n\t\t\t\t\t\t<div class=\"elementor-element elementor-element-40c0b81 elementor-widget elementor-widget-heading\" data-id=\"40c0b81\" data-element_type=\"widget\" data-widget_type=\"heading.default\">\n\t\t\t\t<div class=\"elementor-widget-container\">\n\t\t\t\t\t<h2 class=\"elementor-heading-title elementor-size-default\">LA PARTICULARIT\u00c9 DE LA MARQUE<\/h2>\t\t\t\t<\/div>\n\t\t\t\t<\/div>\n\t\t\t\t<div class=\"elementor-element elementor-element-6b598d3 elementor-widget elementor-widget-text-editor\" data-id=\"6b598d3\" data-element_type=\"widget\" data-widget_type=\"text-editor.default\">\n\t\t\t\t<div class=\"elementor-widget-container\">\n\t\t\t\t\t\t\t\t\t<p>Toutes les cr\u00e9ations LOVADE b\u00e9n\u00e9ficient d&rsquo;un prix abordable, promesse de la marque, mais surtout du haut niveau de qualit\u00e9 et de conformit\u00e9, similaire aux marques de prestige. Nous vous invitons \u00e0 venir d\u00e9couvrir ces nouveaux produits, et ainsi pouvoir go\u00fbter \u00e0 l&rsquo;excellence du Made ln France. <br \/>Venez d\u00e9couvrir nos diff\u00e9rentes gammes de produits, de couleurs, de textures, mais surtout de facilit\u00e9 d&rsquo;utilisation. Les produits LOVADE r\u00e9pondent \u00e0 toutes vos envies, du maquillage discret au maquillage \u00e9labor\u00e9 et plus sophistiqu\u00e9<\/p>\t\t\t\t\t\t\t\t<\/div>\n\t\t\t\t<\/div>\n\t\t\t\t<div class=\"elementor-element elementor-element-35bdb38 elementor-widget elementor-widget-heading\" data-id=\"35bdb38\" data-element_type=\"widget\" data-widget_type=\"heading.default\">\n\t\t\t\t<div class=\"elementor-widget-container\">\n\t\t\t\t\t<h2 class=\"elementor-heading-title elementor-size-default\">\u6d1b\u8bd7\u9edb\u54c1\u724c\u7684\u7279\u6b8a\u6027<\/h2>\t\t\t\t<\/div>\n\t\t\t\t<\/div>\n\t\t\t\t<div class=\"elementor-element elementor-element-9dd877d elementor-widget elementor-widget-text-editor\" data-id=\"9dd877d\" data-element_type=\"widget\" data-widget_type=\"text-editor.default\">\n\t\t\t\t<div class=\"elementor-widget-container\">\n\t\t\t\t\t\t\t\t\t<p>\u6240\u6709\u6d1b\u8bd7\u9edb\u4ea7\u54c1\u90fd\u53d7\u76ca\u4e8e\u5b9e\u60e0\u7684\u4ef7\u683c\u800c\u8fd9\u4e5f\u662f\u54c1\u724c\u7684\u627f\u8bfa\u3002<br \/>\u800c\u6700\u91cd\u8981\u7684\u662f\u6d1b\u8bd7\u9edb\u4ea7\u54c1\u8d28\u91cf\u4e0e\u8457\u540d\u5316\u5986\u54c1\u724c\u4e0d\u5206\u4e0a\u4e0b\u3002\u6240\u4ee5\u6211\u4eec\u9080\u60a8\u524d\u6765\u63a2\u6211\u4eec\u7684\u65b0\u4ea7<br \/>\u54c1\u3001\u4ece\u800c\u4f53\u9a8c\u5230\u6765\u81ea\u6cd5\u56fd\u7684\u9ad8\u54c1\u8d28\u3002<\/p><p>\u6d1b\u8bd7\u9edb\u4ea7\u54c1\u6ee1\u8db3\u60a8\u7684\u6240\u6709\u9700\u6c42\u3001\u901a\u8fc7\u4e0d\u540c\u7cfb\u5217\u7684\u4ea7\u54c1\u3001\u989c\u8272\u3001\u8d28\u5730\u3001\u5f53\u7136\u6700<br \/>\u91cd\u8981\u8fd8\u662f\u6613\u4e8e\u4f7f\u7528\u3001\u4ece\u4f4e\u8c03\u7684\u5986\u5bb9\u5230\u7cbe\u81f4\u7684\u5986\u5bb9\u4e3a\u60a8\u800c\u670d\u52a1\u3002<\/p>\t\t\t\t\t\t\t\t<\/div>\n\t\t\t\t<\/div>\n\t\t\t\t\t<\/div>\n\t\t<\/div>\n\t\t\t\t\t<\/div>\n\t\t<\/section>\n\t\t\t\t<section class=\"elementor-section elementor-top-section elementor-element elementor-element-7f69a9f elementor-section-boxed elementor-section-height-default elementor-section-height-default\" data-id=\"7f69a9f\" data-element_type=\"section\">\n\t\t\t\t\t\t<div class=\"elementor-container elementor-column-gap-default\">\n\t\t\t\t\t<div class=\"elementor-column elementor-col-100 elementor-top-column elementor-element elementor-element-6c534eb\" data-id=\"6c534eb\" data-element_type=\"column\">\n\t\t\t<div class=\"elementor-widget-wrap elementor-element-populated\">\n\t\t\t\t\t\t<div class=\"elementor-element elementor-element-66390b8 elementor-widget-divider--view-line elementor-widget elementor-widget-divider\" data-id=\"66390b8\" data-element_type=\"widget\" data-widget_type=\"divider.default\">\n\t\t\t\t<div class=\"elementor-widget-container\">\n\t\t\t\t\t\t\t<div class=\"elementor-divider\">\n\t\t\t<span class=\"elementor-divider-separator\">\n\t\t\t\t\t\t<\/span>\n\t\t<\/div>\n\t\t\t\t\t\t<\/div>\n\t\t\t\t<\/div>\n\t\t\t\t\t<\/div>\n\t\t<\/div>\n\t\t\t\t\t<\/div>\n\t\t<\/section>\n\t\t\t\t<section class=\"elementor-section elementor-top-section elementor-element elementor-element-091fbfd elementor-section-boxed elementor-section-height-default elementor-section-height-default\" data-id=\"091fbfd\" data-element_type=\"section\">\n\t\t\t\t\t\t<div class=\"elementor-container elementor-column-gap-default\">\n\t\t\t\t\t<div class=\"elementor-column elementor-col-50 elementor-top-column elementor-element elementor-element-ca4d2db\" data-id=\"ca4d2db\" data-element_type=\"column\">\n\t\t\t<div class=\"elementor-widget-wrap elementor-element-populated\">\n\t\t\t\t\t\t<div class=\"elementor-element elementor-element-fa06fbf elementor-widget elementor-widget-heading\" data-id=\"fa06fbf\" data-element_type=\"widget\" data-widget_type=\"heading.default\">\n\t\t\t\t<div class=\"elementor-widget-container\">\n\t\t\t\t\t<h2 class=\"elementor-heading-title elementor-size-default\">Les valeurs de la marque<\/h2>\t\t\t\t<\/div>\n\t\t\t\t<\/div>\n\t\t\t\t<div class=\"elementor-element elementor-element-d2d3f20 elementor-widget elementor-widget-text-editor\" data-id=\"d2d3f20\" data-element_type=\"widget\" data-widget_type=\"text-editor.default\">\n\t\t\t\t<div class=\"elementor-widget-container\">\n\t\t\t\t\t\t\t\t\t<div class=\"eltdf-section-title-holder eltdf-st-standard eltdf-st-title-left \"><div class=\"eltdf-st-inner\"><p class=\"eltdf-st-title\"><span style=\"font-size: 16px;\">LOVADE, avec ses produits innovants se positionne comme pr\u00e9curseur pour faire de votre maquillage votre nouvel atout mode et beaut\u00e9.<\/span><\/p><p class=\"eltdf-st-title\"><span style=\"font-size: 16px;\">Vivez pleinement l&rsquo;experience LOVADE et d\u00e9couvrant tous nos produits, et en profitant de vrais conseils beaut\u00e9. Comment utiliser les produits, astuces beaut\u00e9 ou encore propositions de looks, LOVADE vous accompagne et devient votre partenaire beaut\u00e9!<\/span><\/p><\/div><\/div>\t\t\t\t\t\t\t\t<\/div>\n\t\t\t\t<\/div>\n\t\t\t\t<div class=\"elementor-element elementor-element-e0f6929 elementor-widget elementor-widget-heading\" data-id=\"e0f6929\" data-element_type=\"widget\" data-widget_type=\"heading.default\">\n\t\t\t\t<div class=\"elementor-widget-container\">\n\t\t\t\t\t<h2 class=\"elementor-heading-title elementor-size-default\">\u6d1b\u8bd7\u9edb\u4ef7\u503c\u89c2<\/h2>\t\t\t\t<\/div>\n\t\t\t\t<\/div>\n\t\t\t\t<div class=\"elementor-element elementor-element-299fb47 elementor-widget elementor-widget-text-editor\" data-id=\"299fb47\" data-element_type=\"widget\" data-widget_type=\"text-editor.default\">\n\t\t\t\t<div class=\"elementor-widget-container\">\n\t\t\t\t\t\t\t\t\t<p>\u6d1b\u8bd7\u9edb\u51ed\u501f\u521b\u65b0\u4ea7\u54c1\u3001\u6210\u4e3a\u60a8\u7684\u65e5\u5e38\u5316\u5986\u54c1\u3001\u6216\u60a8\u7684\u65b0\u65f6\u5c1a\u548c\u7f8e\u5bb9\u3002<\/p><p>\u901a\u8fc7\u5229\u7528\u771f\u6b63\u7684\u7f8e\u5bb9\u5efa\u8bae\u3001\u6765\u4f53\u9a8c\u5b8c\u6574\u7684\u7f8e\u5bb9\u3002<br \/>\u4ece\u4ea7\u54c1\u4f7f\u7528\u65b9\u6cd5\u3001\u5230\u7f8e\u5bb9\u79d8\u8bc0\u751a\u81f3\u5986\u5bb9\u5efa\u8bae\u3001\u6d1b\u8bd7\u9edb\u966a\u4f34\u60a8\u3001\u6210\u4e3a\u60a8\u7684\u7f8e\u5bb9\u4f19\u4f34\uff01<\/p>\t\t\t\t\t\t\t\t<\/div>\n\t\t\t\t<\/div>\n\t\t\t\t\t<\/div>\n\t\t<\/div>\n\t\t\t\t<div class=\"elementor-column elementor-col-50 elementor-top-column elementor-element elementor-element-cfb9896\" data-id=\"cfb9896\" data-element_type=\"column\">\n\t\t\t<div class=\"elementor-widget-wrap elementor-element-populated\">\n\t\t\t\t\t\t<div class=\"elementor-element elementor-element-52bdb99 elementor-widget elementor-widget-image\" data-id=\"52bdb99\" data-element_type=\"widget\" data-widget_type=\"image.default\">\n\t\t\t\t<div class=\"elementor-widget-container\">\n\t\t\t\t\t\t\t\t\t\t\t\t\t\t\t<img decoding=\"async\" src=\"https:\/\/lovadeparis.fr\/wp-content\/uploads\/elementor\/thumbs\/shutterstock_1195651438-q1uoo0h2mcftel0neld0ttca0zf789d4czzklqvpzg.jpg\" title=\"shutterstock_1195651438\" alt=\"shutterstock_1195651438\" loading=\"lazy\" \/>\t\t\t\t\t\t\t\t\t\t\t\t\t\t\t<\/div>\n\t\t\t\t<\/div>\n\t\t\t\t\t<\/div>\n\t\t<\/div>\n\t\t\t\t\t<\/div>\n\t\t<\/section>\n\t\t\t\t<section class=\"elementor-section elementor-top-section elementor-element elementor-element-4017041 elementor-section-boxed elementor-section-height-default elementor-section-height-default\" data-id=\"4017041\" data-element_type=\"section\">\n\t\t\t\t\t\t<div class=\"elementor-container elementor-column-gap-default\">\n\t\t\t\t\t<div class=\"elementor-column elementor-col-100 elementor-top-column elementor-element elementor-element-cc764eb\" data-id=\"cc764eb\" data-element_type=\"column\">\n\t\t\t<div class=\"elementor-widget-wrap elementor-element-populated\">\n\t\t\t\t\t\t\t<\/div>\n\t\t<\/div>\n\t\t\t\t\t<\/div>\n\t\t<\/section>\n\t\t\t\t<section class=\"elementor-section elementor-top-section elementor-element elementor-element-b9f2c9b elementor-section-boxed elementor-section-height-default elementor-section-height-default\" data-id=\"b9f2c9b\" data-element_type=\"section\">\n\t\t\t\t\t\t<div class=\"elementor-container elementor-column-gap-default\">\n\t\t\t\t\t<div class=\"elementor-column elementor-col-100 elementor-top-column elementor-element elementor-element-43576a7\" data-id=\"43576a7\" data-element_type=\"column\">\n\t\t\t<div class=\"elementor-widget-wrap elementor-element-populated\">\n\t\t\t\t\t\t<div class=\"elementor-element elementor-element-6cfd098 elementor-widget elementor-widget-spacer\" data-id=\"6cfd098\" data-element_type=\"widget\" data-widget_type=\"spacer.default\">\n\t\t\t\t<div class=\"elementor-widget-container\">\n\t\t\t\t\t\t\t<div class=\"elementor-spacer\">\n\t\t\t<div class=\"elementor-spacer-inner\"><\/div>\n\t\t<\/div>\n\t\t\t\t\t\t<\/div>\n\t\t\t\t<\/div>\n\t\t\t\t\t<\/div>\n\t\t<\/div>\n\t\t\t\t\t<\/div>\n\t\t<\/section>\n\t\t\t\t<\/div>\n\t\t","protected":false},"excerpt":{"rendered":"<p>LA MARQUE LOVADE pouvoir gouter a l&rsquo;excellence du made in france Nous avons d\u00e9velopp\u00e9 la marque LOVADE, de fabrication fran\u00e7aise. Ses produits sont le fruit de l&rsquo;exp\u00e9rience acquise au long de dizaines d&rsquo;ann\u00e9es d&rsquo;exp\u00e9rience, par nos \u00e9quipes beaut\u00e9. Main dans la main avec plusieurs prestigieux laboratoires fran\u00e7ais dans le domaine de la cosm\u00e9tique, dont SICAF [&hellip;]<\/p>\n","protected":false},"author":1,"featured_media":0,"parent":0,"menu_order":0,"comment_status":"closed","ping_status":"closed","template":"","meta":{"site-sidebar-layout":"no-sidebar","site-content-layout":"page-builder","ast-site-content-layout":"default","site-content-style":"default","site-sidebar-style":"default","ast-global-header-display":"","ast-banner-title-visibility":"","ast-main-header-display":"","ast-hfb-above-header-display":"","ast-hfb-below-header-display":"","ast-hfb-mobile-header-display":"","site-post-title":"disabled","ast-breadcrumbs-content":"disabled","ast-featured-img":"disabled","footer-sml-layout":"","ast-disable-related-posts":"","theme-transparent-header-meta":"enabled","adv-header-id-meta":"","stick-header-meta":"","header-above-stick-meta":"","header-main-stick-meta":"","header-below-stick-meta":"","astra-migrate-meta-layouts":"default","ast-page-background-enabled":"default","ast-page-background-meta":{"desktop":{"background-color":"","background-image":"","background-repeat":"repeat","background-position":"center center","background-size":"auto","background-attachment":"scroll","background-type":"","background-media":"","overlay-type":"","overlay-color":"","overlay-opacity":"","overlay-gradient":""},"tablet":{"background-color":"","background-image":"","background-repeat":"repeat","background-position":"center center","background-size":"auto","background-attachment":"scroll","background-type":"","background-media":"","overlay-type":"","overlay-color":"","overlay-opacity":"","overlay-gradient":""},"mobile":{"background-color":"","background-image":"","background-repeat":"repeat","background-position":"center center","background-size":"auto","background-attachment":"scroll","background-type":"","background-media":"","overlay-type":"","overlay-color":"","overlay-opacity":"","overlay-gradient":""}},"ast-content-background-meta":{"desktop":{"background-color":"var(--ast-global-color-5)","background-image":"","background-repeat":"repeat","background-position":"center center","background-size":"auto","background-attachment":"scroll","background-type":"","background-media":"","overlay-type":"","overlay-color":"","overlay-opacity":"","overlay-gradient":""},"tablet":{"background-color":"var(--ast-global-color-5)","background-image":"","background-repeat":"repeat","background-position":"center center","background-size":"auto","background-attachment":"scroll","background-type":"","background-media":"","overlay-type":"","overlay-color":"","overlay-opacity":"","overlay-gradient":""},"mobile":{"background-color":"var(--ast-global-color-5)","background-image":"","background-repeat":"repeat","background-position":"center center","background-size":"auto","background-attachment":"scroll","background-type":"","background-media":"","overlay-type":"","overlay-color":"","overlay-opacity":"","overlay-gradient":""}},"footnotes":""},"_links":{"self":[{"href":"https:\/\/lovadeparis.fr\/index.php\/wp-json\/wp\/v2\/pages\/802"}],"collection":[{"href":"https:\/\/lovadeparis.fr\/index.php\/wp-json\/wp\/v2\/pages"}],"about":[{"href":"https:\/\/lovadeparis.fr\/index.php\/wp-json\/wp\/v2\/types\/page"}],"author":[{"embeddable":true,"href":"https:\/\/lovadeparis.fr\/index.php\/wp-json\/wp\/v2\/users\/1"}],"replies":[{"embeddable":true,"href":"https:\/\/lovadeparis.fr\/index.php\/wp-json\/wp\/v2\/comments?post=802"}],"version-history":[{"count":0,"href":"https:\/\/lovadeparis.fr\/index.php\/wp-json\/wp\/v2\/pages\/802\/revisions"}],"wp:attachment":[{"href":"https:\/\/lovadeparis.fr\/index.php\/wp-json\/wp\/v2\/media?parent=802"}],"curies":[{"name":"wp","href":"https:\/\/api.w.org\/{rel}","templated":true}]}}